{"id":5362,"date":"2024-05-19T17:23:22","date_gmt":"2024-05-19T09:23:22","guid":{"rendered":"http:\/\/www.rchchydraulics.com\/?page_id=5362"},"modified":"2024-05-19T17:26:11","modified_gmt":"2024-05-19T09:26:11","slug":"faq","status":"publish","type":"page","link":"https:\/\/www.rchchydraulics.com\/fr\/faq.html","title":{"rendered":"FAQ"},"content":{"rendered":"<section class=\"wp-block-themepark-block-themepark-area block_layout thempark-block undefined\" id=\"\" style=\"\" data-swiper-parallax=\"-700\"><div class=\"block_layout_in\" style=\"\">\n<div class=\"wp-block-column block_layout_in\">\n<div class=\"wp-block-themepark-block-themepark-accordion thempark-block themepark-accordion active\" style=\"\"><div class=\"themepark-accordion-head\" style=\"background-color:#5fc2ff;color:#ffffff;\"><span><\/span>Quelles mesures prenez-vous pour garantir la fiabilit\u00e9 de vos produits ?<\/div>\n<div class=\"wp-block-column themepark-accordion-box\">\n<div class=\"wp-block-themepark-block-themepark-wright content-super-p\" style=\"font-size:16px;line-height:29px;text-indent:2em;color:#666666;padding:10px 10px;\">\n<div class=\"wp-block-column\">\n<p>Nous garantissons la fiabilit\u00e9 des produits gr\u00e2ce \u00e0 un syst\u00e8me de gestion 6S strict, comprenant des tests rigoureux \u00e0 tous les stades de la production et l'utilisation de mat\u00e9riaux de haute qualit\u00e9 provenant de fournisseurs dignes de confiance.<\/p>\n<\/div>\n<\/div>\n<\/div>\n<\/div>\n\n\n\n<div class=\"wp-block-themepark-block-themepark-accordion thempark-block themepark-accordion active\" style=\"\"><div class=\"themepark-accordion-head\" style=\"background-color:#5fc2ff;color:#ffffff;\"><span><\/span>Comment vos produits contribuent-ils \u00e0 r\u00e9duire la consommation d'\u00e9nergie ?<\/div>\n<div class=\"wp-block-column themepark-accordion-box\">\n<div class=\"wp-block-themepark-block-themepark-wright content-super-p\" style=\"font-size:16px;line-height:29px;text-indent:2em;color:#666666;padding:10px 10px;\">\n<div class=\"wp-block-column\">\n<p>Nos produits hydrauliques sont con\u00e7us avec des technologies avanc\u00e9es qui optimisent l'efficacit\u00e9 et r\u00e9duisent la consommation d'\u00e9nergie. Cela inclut des innovations dans la conception hydraulique qui minimisent les pertes de puissance et am\u00e9liorent les performances globales du syst\u00e8me.<\/p>\n<\/div>\n<\/div>\n<\/div>\n<\/div>\n\n\n\n<div class=\"wp-block-themepark-block-themepark-accordion thempark-block themepark-accordion active\" style=\"\"><div class=\"themepark-accordion-head\" style=\"background-color:#5fc2ff;color:#ffffff;\"><span><\/span>Vos composants hydrauliques peuvent-ils \u00eatre personnalis\u00e9s pour des applications industrielles sp\u00e9cifiques ?<\/div>\n<div class=\"wp-block-column themepark-accordion-box\">\n<div class=\"wp-block-themepark-block-themepark-wright content-super-p\" style=\"font-size:16px;line-height:29px;text-indent:2em;color:#666666;padding:10px 10px;\">\n<div class=\"wp-block-column\">\n<p>Oui, nous offrons des services de personnalisation pour nos composants hydrauliques afin de r\u00e9pondre \u00e0 des exigences sp\u00e9cifiques. Cela comprend la taille, la cylindr\u00e9e et la pression afin de r\u00e9pondre parfaitement aux besoins de vos diff\u00e9rentes applications.<\/p>\n<\/div>\n<\/div>\n<\/div>\n<\/div>\n\n\n\n<div class=\"wp-block-themepark-block-themepark-accordion thempark-block themepark-accordion active\" style=\"\"><div class=\"themepark-accordion-head\" style=\"background-color:#5fc2ff;color:#ffffff;\"><span><\/span>Comment puis-je trouver le produit adapt\u00e9 \u00e0 mes besoins dans votre gamme de produits ?<\/div>\n<div class=\"wp-block-column themepark-accordion-box\">\n<div class=\"wp-block-themepark-block-themepark-wright content-super-p\" style=\"font-size:16px;line-height:29px;text-indent:2em;color:#666666;padding:10px 10px;\">\n<div class=\"wp-block-column\">\n<p>Nous vous recommandons de contacter notre \u00e9quipe de vente ou d'assistance technique, qui peut vous fournir des consultations et des conseils d\u00e9taill\u00e9s en fonction de vos besoins op\u00e9rationnels sp\u00e9cifiques et de vos sc\u00e9narios d'application.<\/p>\n<\/div>\n<\/div>\n<\/div>\n<\/div>\n\n\n\n<div class=\"wp-block-themepark-block-themepark-accordion thempark-block themepark-accordion active\" style=\"\"><div class=\"themepark-accordion-head\" style=\"background-color:#5fc2ff;color:#ffffff;\"><span><\/span>Quels sont les secteurs d'activit\u00e9 auxquels vos produits s'adressent g\u00e9n\u00e9ralement ?<\/div>\n<div class=\"wp-block-column themepark-accordion-box\">\n<div class=\"wp-block-themepark-block-themepark-wright content-super-p\" style=\"font-size:16px;line-height:29px;text-indent:2em;color:#666666;padding:10px 10px;\">\n<div class=\"wp-block-column\">\n<p>Nos produits hydrauliques sont largement utilis\u00e9s dans les machines d'ing\u00e9nierie, les pieux miniers, les machines d'assainissement, les machines agricoles, les machines sp\u00e9ciales, les v\u00e9hicules et d'autres industries.<\/p>\n<\/div>\n<\/div>\n<\/div>\n<\/div>\n<\/div>\n<\/div><div class=\"layout_badh\"><\/div><\/section>","protected":false},"excerpt":{"rendered":"","protected":false},"author":1,"featured_media":0,"parent":0,"menu_order":0,"comment_status":"closed","ping_status":"closed","template":"","meta":{"themepark_post_bcolor":"#f5f5f5","themepark_post_width":"1022px","themepark_post_img":"","themepark_post_img_po":"left","themepark_post_img_re":false,"themepark_post_img_cover":false,"themepark_post_img_fixed":false,"themepark_post_hide_title":true,"themepark_post_main_b":"","themepark_post_main_p":100,"themepark_paddingblock":false,"footnotes":""},"class_list":["post-5362","page","type-page","status-publish","hentry"],"_links":{"self":[{"href":"https:\/\/www.rchchydraulics.com\/fr\/wp-json\/wp\/v2\/pages\/5362","targetHints":{"allow":["GET"]}}],"collection":[{"href":"https:\/\/www.rchchydraulics.com\/fr\/wp-json\/wp\/v2\/pages"}],"about":[{"href":"https:\/\/www.rchchydraulics.com\/fr\/wp-json\/wp\/v2\/types\/page"}],"author":[{"embeddable":true,"href":"https:\/\/www.rchchydraulics.com\/fr\/wp-json\/wp\/v2\/users\/1"}],"replies":[{"embeddable":true,"href":"https:\/\/www.rchchydraulics.com\/fr\/wp-json\/wp\/v2\/comments?post=5362"}],"version-history":[{"count":2,"href":"https:\/\/www.rchchydraulics.com\/fr\/wp-json\/wp\/v2\/pages\/5362\/revisions"}],"predecessor-version":[{"id":5365,"href":"https:\/\/www.rchchydraulics.com\/fr\/wp-json\/wp\/v2\/pages\/5362\/revisions\/5365"}],"wp:attachment":[{"href":"https:\/\/www.rchchydraulics.com\/fr\/wp-json\/wp\/v2\/media?parent=5362"}],"curies":[{"name":"wp","href":"https:\/\/api.w.org\/{rel}","templated":true}]}}