{"id":5089,"date":"2024-05-11T08:57:24","date_gmt":"2024-05-11T00:57:24","guid":{"rendered":"http:\/\/www.rchchydraulics.com\/?page_id=5089"},"modified":"2024-06-06T17:24:07","modified_gmt":"2024-06-06T09:24:07","slug":"about","status":"publish","type":"page","link":"https:\/\/www.rchchydraulics.com\/fr\/about.html","title":{"rendered":"\u00c0 PROPOS DE NOUS"},"content":{"rendered":"<div class=\"wp-block-themepark-block-themepark-tab thempark-block thempark_tab_box dengbi undefined\" style=\"margin-bottom:20px;\" bloop=\"no\" auto=\"no\" mouse=\"click\"><div class=\"content_tab_title\" style=\"background-color:#fff;\"><div class=\"fidxtab\" style=\"background-color:#fff;\"><div class=\"btn active\" style=\"width:98%;\"><span class=\"tabtt\" style=\"\"><i class=\"fas fa fa-\" style=\"\"><\/i>\u00c0 PROPOS DE NOUS<\/span><\/div><\/div><\/div><div class=\"swiper-container content_tab_swiper\" style=\"\"><div class=\"swiper-wrapper\">\n<div class=\"wp-block-column ecdorbox0 swiper-slide tap_s-box active\">\n<div class=\"wp-block-themepark-block-themepark-wright content-super-p\" style=\"font-size:16px;line-height:30px;color:#666666;background-color:#ffffff;padding:30px 10px;\">\n<div class=\"wp-block-column\">\n<h2 class=\"wp-block-heading has-black-color has-text-color has-medium-font-size\"><strong>RUICHEN HYDRAULIC MACHINERY MANUFACTURING Co. LTD<\/strong><\/h2>\n\n\n\n<p>RUICHEN HYDRAULIC MACHINERY MANUFACTURING Co. Ltd. a \u00e9t\u00e9 cr\u00e9\u00e9e en 2000 et est situ\u00e9e dans la province chinoise de Shandong, qui conna\u00eet un d\u00e9veloppement industriel. Les principaux produits de RCHC comprennent diverses s\u00e9ries de pompes \u00e0 engrenages en fonte \u00e0 ultra-haute pression, des moteurs \u00e0 engrenages, des vannes directionnelles multivoies hydrauliques, des vannes d'impact et des syst\u00e8mes hydrauliques complets. RCHC n'est pas seulement une entreprise avec plus de vingt ans d'exp\u00e9rience, mais aussi un n\u0153ud d'innovation m\u00e9canique, tissant ensemble les fils complexes de la conception, de la recherche, du d\u00e9veloppement, de la production et de la vente.<\/p>\n\n\n\n<p>Les produits de RCHC sont indispensables dans les domaines du levage technique, des pieux miniers, des machines sanitaires, des v\u00e9hicules sp\u00e9ciaux et autres, et sont r\u00e9put\u00e9s pour leur fiabilit\u00e9 et leur pr\u00e9cision. L'engagement de RCHC en faveur de l'excellence est soulign\u00e9 par ses protocoles rigoureux de gestion de la qualit\u00e9 et son d\u00e9vouement in\u00e9branlable au service de la client\u00e8le. La conformit\u00e9 de l'entreprise au syst\u00e8me de gestion de la qualit\u00e9 GB\/T a \u00e9t\u00e9 v\u00e9rifi\u00e9e par de multiples audits, et elle a obtenu une s\u00e9rie de brevets d'invention, de mod\u00e8les d'utilit\u00e9 et de dessins et mod\u00e8les (rchc). Dans un contexte o\u00f9 l'innovation est l'\u00e9l\u00e9ment vital du progr\u00e8s, RCHC est anim\u00e9e par une qu\u00eate incessante de la perfection et par la volont\u00e9 de transcender l'ordinaire.<\/p>\n<\/div>\n<\/div>\n\n\n\n<div class=\"wp-block-themepark-block-themepark-swiper post_gallery_out2 undefined\" style=\"\"><div class=\"swiper-container post_gallery_nomral\"><div class=\"swiper-wrapper\"><div class=\"swiper-slide\" style=\"\"><img decoding=\"async\" class=\"swiper-lazy swiper-move-lazy\" src=\"https:\/\/www.rchchydraulics.com\/wp-content\/uploads\/2024\/05\/20240520231451.jpg\" data-src=\"https:\/\/www.rchchydraulics.com\/wp-content\/uploads\/2024\/05\/20240520231451.jpg\" alt=\"ABOUT US\"\/><\/div><div class=\"swiper-slide\" style=\"\"><img decoding=\"async\" class=\"swiper-lazy swiper-move-lazy\" src=\"https:\/\/www.rchchydraulics.com\/wp-content\/themes\/smartenterprise\/images\/loading8.png\" data-src=\"https:\/\/www.rchchydraulics.com\/wp-content\/uploads\/2024\/05\/20240520231539.jpg\" alt=\"ABOUT US\"\/><\/div><div class=\"swiper-slide\" style=\"\"><img decoding=\"async\" class=\"swiper-lazy swiper-move-lazy\" src=\"https:\/\/www.rchchydraulics.com\/wp-content\/themes\/smartenterprise\/images\/loading8.png\" data-src=\"https:\/\/www.rchchydraulics.com\/wp-content\/uploads\/2024\/05\/20240520231337.jpg\" alt=\"ABOUT US\"\/><\/div><div class=\"swiper-slide\" style=\"\"><img decoding=\"async\" class=\"swiper-lazy swiper-move-lazy\" src=\"https:\/\/www.rchchydraulics.com\/wp-content\/themes\/smartenterprise\/images\/loading8.png\" data-src=\"https:\/\/www.rchchydraulics.com\/wp-content\/uploads\/2024\/05\/20240520231644.jpg\" alt=\"ABOUT US\"\/><\/div><div class=\"swiper-slide\" style=\"\"><img decoding=\"async\" class=\"swiper-lazy swiper-move-lazy\" src=\"https:\/\/www.rchchydraulics.com\/wp-content\/themes\/smartenterprise\/images\/loading8.png\" data-src=\"https:\/\/www.rchchydraulics.com\/wp-content\/uploads\/2024\/05\/20240520231430.jpg\" alt=\"ABOUT US\"\/><\/div><\/div><a class=\"swiper-next\"><i class=\"fas fa-angle-right\"><\/i><\/a><a class=\"swiper-prev\"><i class=\"fas fa-angle-left\"><\/i><\/a><div class=\"pagination post_gallery_nomral_pagination\"><\/div><\/div><\/div>\n\n\n\n<section class=\"wp-block-themepark-block-themepark-area block_layout thempark-block undefined bom30 top30\" id=\"\" style=\"background-color:#ffffff;padding-bottom:70px;padding-top:21px;\" data-swiper-parallax=\"-700\"><div class=\"block_layout_in\" style=\"max-width:1341px;\">\n<div class=\"wp-block-column block_layout_in\">\n<p class=\"has-normal-font-size\"><\/p>\n\n\n\n<div style=\"height:64px\" aria-hidden=\"true\" class=\"wp-block-spacer\"><\/div>\n<\/div>\n<\/div><div class=\"layout_badh\"><\/div><\/section>\n<\/div>\n<\/div><\/div><div class=\"tabbottomb\"><\/div><\/div>","protected":false},"excerpt":{"rendered":"","protected":false},"author":1,"featured_media":0,"parent":0,"menu_order":0,"comment_status":"closed","ping_status":"closed","template":"","meta":{"themepark_post_bcolor":"#f5f5f5","themepark_post_width":"1400px","themepark_post_img":"","themepark_post_img_po":"left","themepark_post_img_re":false,"themepark_post_img_cover":false,"themepark_post_img_fixed":false,"themepark_post_hide_title":true,"themepark_post_main_b":"","themepark_post_main_p":100,"themepark_paddingblock":false,"footnotes":""},"class_list":["post-5089","page","type-page","status-publish","hentry"],"_links":{"self":[{"href":"https:\/\/www.rchchydraulics.com\/fr\/wp-json\/wp\/v2\/pages\/5089","targetHints":{"allow":["GET"]}}],"collection":[{"href":"https:\/\/www.rchchydraulics.com\/fr\/wp-json\/wp\/v2\/pages"}],"about":[{"href":"https:\/\/www.rchchydraulics.com\/fr\/wp-json\/wp\/v2\/types\/page"}],"author":[{"embeddable":true,"href":"https:\/\/www.rchchydraulics.com\/fr\/wp-json\/wp\/v2\/users\/1"}],"replies":[{"embeddable":true,"href":"https:\/\/www.rchchydraulics.com\/fr\/wp-json\/wp\/v2\/comments?post=5089"}],"version-history":[{"count":13,"href":"https:\/\/www.rchchydraulics.com\/fr\/wp-json\/wp\/v2\/pages\/5089\/revisions"}],"predecessor-version":[{"id":5883,"href":"https:\/\/www.rchchydraulics.com\/fr\/wp-json\/wp\/v2\/pages\/5089\/revisions\/5883"}],"wp:attachment":[{"href":"https:\/\/www.rchchydraulics.com\/fr\/wp-json\/wp\/v2\/media?parent=5089"}],"curies":[{"name":"wp","href":"https:\/\/api.w.org\/{rel}","templated":true}]}}