{"id":5362,"date":"2024-05-19T17:23:22","date_gmt":"2024-05-19T09:23:22","guid":{"rendered":"http:\/\/www.rchchydraulics.com\/?page_id=5362"},"modified":"2024-05-19T17:26:11","modified_gmt":"2024-05-19T09:26:11","slug":"faq","status":"publish","type":"page","link":"https:\/\/www.rchchydraulics.com\/es\/faq.html","title":{"rendered":"PREGUNTAS FRECUENTES"},"content":{"rendered":"<section class=\"wp-block-themepark-block-themepark-area block_layout thempark-block undefined\" id=\"\" style=\"\" data-swiper-parallax=\"-700\"><div class=\"block_layout_in\" style=\"\">\n<div class=\"wp-block-column block_layout_in\">\n<div class=\"wp-block-themepark-block-themepark-accordion thempark-block themepark-accordion active\" style=\"\"><div class=\"themepark-accordion-head\" style=\"background-color:#5fc2ff;color:#ffffff;\"><span><\/span>\u00bfQu\u00e9 medidas toman para garantizar la fiabilidad de sus productos?<\/div>\n<div class=\"wp-block-column themepark-accordion-box\">\n<div class=\"wp-block-themepark-block-themepark-wright content-super-p\" style=\"font-size:16px;line-height:29px;text-indent:2em;color:#666666;padding:10px 10px;\">\n<div class=\"wp-block-column\">\n<p>Garantizamos la fiabilidad de los productos mediante un estricto sistema de gesti\u00f3n 6S, que incluye pruebas rigurosas en todas las fases de producci\u00f3n y el uso de materiales de alta calidad de proveedores de confianza.<\/p>\n<\/div>\n<\/div>\n<\/div>\n<\/div>\n\n\n\n<div class=\"wp-block-themepark-block-themepark-accordion thempark-block themepark-accordion active\" style=\"\"><div class=\"themepark-accordion-head\" style=\"background-color:#5fc2ff;color:#ffffff;\"><span><\/span>\u00bfC\u00f3mo ayudan sus productos a reducir el consumo de energ\u00eda?<\/div>\n<div class=\"wp-block-column themepark-accordion-box\">\n<div class=\"wp-block-themepark-block-themepark-wright content-super-p\" style=\"font-size:16px;line-height:29px;text-indent:2em;color:#666666;padding:10px 10px;\">\n<div class=\"wp-block-column\">\n<p>Nuestros productos hidr\u00e1ulicos est\u00e1n dise\u00f1ados con tecnolog\u00edas avanzadas que optimizan la eficiencia y reducen el consumo de energ\u00eda. Esto incluye innovaciones en el dise\u00f1o hidr\u00e1ulico que minimizan las p\u00e9rdidas de potencia y mejoran el rendimiento general del sistema.<\/p>\n<\/div>\n<\/div>\n<\/div>\n<\/div>\n\n\n\n<div class=\"wp-block-themepark-block-themepark-accordion thempark-block themepark-accordion active\" style=\"\"><div class=\"themepark-accordion-head\" style=\"background-color:#5fc2ff;color:#ffffff;\"><span><\/span>\u00bfPueden personalizarse sus componentes hidr\u00e1ulicos para aplicaciones industriales espec\u00edficas?<\/div>\n<div class=\"wp-block-column themepark-accordion-box\">\n<div class=\"wp-block-themepark-block-themepark-wright content-super-p\" style=\"font-size:16px;line-height:29px;text-indent:2em;color:#666666;padding:10px 10px;\">\n<div class=\"wp-block-column\">\n<p>S\u00ed, ofrecemos servicios de personalizaci\u00f3n de nuestros componentes hidr\u00e1ulicos para satisfacer requisitos espec\u00edficos. Esto incluye el tama\u00f1o, el desplazamiento y la presi\u00f3n para adaptarse perfectamente a sus diversas necesidades de aplicaci\u00f3n.<\/p>\n<\/div>\n<\/div>\n<\/div>\n<\/div>\n\n\n\n<div class=\"wp-block-themepark-block-themepark-accordion thempark-block themepark-accordion active\" style=\"\"><div class=\"themepark-accordion-head\" style=\"background-color:#5fc2ff;color:#ffffff;\"><span><\/span>\u00bfC\u00f3mo puedo encontrar el producto adecuado a mis necesidades dentro de su gama de productos?<\/div>\n<div class=\"wp-block-column themepark-accordion-box\">\n<div class=\"wp-block-themepark-block-themepark-wright content-super-p\" style=\"font-size:16px;line-height:29px;text-indent:2em;color:#666666;padding:10px 10px;\">\n<div class=\"wp-block-column\">\n<p>Le recomendamos que se ponga en contacto con nuestro equipo de ventas o de asistencia t\u00e9cnica, que puede ofrecerle consultas y orientaci\u00f3n detalladas en funci\u00f3n de sus requisitos operativos y escenarios de aplicaci\u00f3n espec\u00edficos.<\/p>\n<\/div>\n<\/div>\n<\/div>\n<\/div>\n\n\n\n<div class=\"wp-block-themepark-block-themepark-accordion thempark-block themepark-accordion active\" style=\"\"><div class=\"themepark-accordion-head\" style=\"background-color:#5fc2ff;color:#ffffff;\"><span><\/span>\u00bfA qu\u00e9 sectores suelen servir sus productos?<\/div>\n<div class=\"wp-block-column themepark-accordion-box\">\n<div class=\"wp-block-themepark-block-themepark-wright content-super-p\" style=\"font-size:16px;line-height:29px;text-indent:2em;color:#666666;padding:10px 10px;\">\n<div class=\"wp-block-column\">\n<p>Nuestros productos hidr\u00e1ulicos son ampliamente utilizados en maquinaria de ingenier\u00eda, pilotes de miner\u00eda, maquinaria de saneamiento, maquinaria agr\u00edcola y veh\u00edculos de maquinaria especial y otras industrias.<\/p>\n<\/div>\n<\/div>\n<\/div>\n<\/div>\n<\/div>\n<\/div><div class=\"layout_badh\"><\/div><\/section>","protected":false},"excerpt":{"rendered":"","protected":false},"author":1,"featured_media":0,"parent":0,"menu_order":0,"comment_status":"closed","ping_status":"closed","template":"","meta":{"themepark_post_bcolor":"#f5f5f5","themepark_post_width":"1022px","themepark_post_img":"","themepark_post_img_po":"left","themepark_post_img_re":false,"themepark_post_img_cover":false,"themepark_post_img_fixed":false,"themepark_post_hide_title":true,"themepark_post_main_b":"","themepark_post_main_p":100,"themepark_paddingblock":false,"footnotes":""},"class_list":["post-5362","page","type-page","status-publish","hentry"],"_links":{"self":[{"href":"https:\/\/www.rchchydraulics.com\/es\/wp-json\/wp\/v2\/pages\/5362","targetHints":{"allow":["GET"]}}],"collection":[{"href":"https:\/\/www.rchchydraulics.com\/es\/wp-json\/wp\/v2\/pages"}],"about":[{"href":"https:\/\/www.rchchydraulics.com\/es\/wp-json\/wp\/v2\/types\/page"}],"author":[{"embeddable":true,"href":"https:\/\/www.rchchydraulics.com\/es\/wp-json\/wp\/v2\/users\/1"}],"replies":[{"embeddable":true,"href":"https:\/\/www.rchchydraulics.com\/es\/wp-json\/wp\/v2\/comments?post=5362"}],"version-history":[{"count":2,"href":"https:\/\/www.rchchydraulics.com\/es\/wp-json\/wp\/v2\/pages\/5362\/revisions"}],"predecessor-version":[{"id":5365,"href":"https:\/\/www.rchchydraulics.com\/es\/wp-json\/wp\/v2\/pages\/5362\/revisions\/5365"}],"wp:attachment":[{"href":"https:\/\/www.rchchydraulics.com\/es\/wp-json\/wp\/v2\/media?parent=5362"}],"curies":[{"name":"wp","href":"https:\/\/api.w.org\/{rel}","templated":true}]}}