{"id":5089,"date":"2024-05-11T08:57:24","date_gmt":"2024-05-11T00:57:24","guid":{"rendered":"http:\/\/www.rchchydraulics.com\/?page_id=5089"},"modified":"2024-06-06T17:24:07","modified_gmt":"2024-06-06T09:24:07","slug":"about","status":"publish","type":"page","link":"https:\/\/www.rchchydraulics.com\/es\/about.html","title":{"rendered":"SOBRE NOSOTROS"},"content":{"rendered":"<div class=\"wp-block-themepark-block-themepark-tab thempark-block thempark_tab_box dengbi undefined\" style=\"margin-bottom:20px;\" bloop=\"no\" auto=\"no\" mouse=\"click\"><div class=\"content_tab_title\" style=\"background-color:#fff;\"><div class=\"fidxtab\" style=\"background-color:#fff;\"><div class=\"btn active\" style=\"width:98%;\"><span class=\"tabtt\" style=\"\"><i class=\"fas fa fa-\" style=\"\"><\/i>SOBRE NOSOTROS<\/span><\/div><\/div><\/div><div class=\"swiper-container content_tab_swiper\" style=\"\"><div class=\"swiper-wrapper\">\n<div class=\"wp-block-column ecdorbox0 swiper-slide tap_s-box active\">\n<div class=\"wp-block-themepark-block-themepark-wright content-super-p\" style=\"font-size:16px;line-height:30px;color:#666666;background-color:#ffffff;padding:30px 10px;\">\n<div class=\"wp-block-column\">\n<h2 class=\"wp-block-heading has-black-color has-text-color has-medium-font-size\"><strong>RUICHEN HYDRAULIC MACHINERY MANUFACTURING Co., LTD<\/strong><\/h2>\n\n\n\n<p>RUICHEN HYDRAULIC MACHINERY MANUFACTURING Co., Ltd. se fund\u00f3 en el a\u00f1o 2000 y est\u00e1 situada en la provincia china de Shandong, de gran desarrollo industrial. Los principales productos de RCHC incluyen varias series de bombas de engranajes de hierro fundido de ultra alta presi\u00f3n, motores de engranajes, v\u00e1lvulas hidr\u00e1ulicas direccionales multiv\u00eda, v\u00e1lvulas de impacto y sistemas hidr\u00e1ulicos completos. RCHC no es s\u00f3lo una empresa con m\u00e1s de veinte a\u00f1os de experiencia, sino tambi\u00e9n un nexo de innovaci\u00f3n mec\u00e1nica, que entreteje los complejos hilos del dise\u00f1o, la investigaci\u00f3n, el desarrollo, la producci\u00f3n y las ventas.<\/p>\n\n\n\n<p>Los productos de RCHC son indispensables en ingenier\u00eda de elevaci\u00f3n, pilotaje minero, maquinaria de saneamiento, veh\u00edculos especiales y otros campos, y son famosos por su fiabilidad y precisi\u00f3n. El compromiso de RCHC con la excelencia se ve subrayado por sus rigurosos protocolos de gesti\u00f3n de calidad y su inquebrantable dedicaci\u00f3n al servicio al cliente. El cumplimiento por parte de la empresa del sistema de gesti\u00f3n de calidad GB\/T se ha verificado mediante m\u00faltiples auditor\u00edas, y ha obtenido una serie de patentes de invenci\u00f3n, modelo de utilidad y dise\u00f1o (rchc). En un contexto en el que la innovaci\u00f3n es la savia del progreso, RCHC est\u00e1 impulsada por una b\u00fasqueda incesante de la perfecci\u00f3n y una visi\u00f3n para trascender lo ordinario.<\/p>\n<\/div>\n<\/div>\n\n\n\n<div class=\"wp-block-themepark-block-themepark-swiper post_gallery_out2 undefined\" style=\"\"><div class=\"swiper-container post_gallery_nomral\"><div class=\"swiper-wrapper\"><div class=\"swiper-slide\" style=\"\"><img decoding=\"async\" class=\"swiper-lazy swiper-move-lazy\" src=\"https:\/\/www.rchchydraulics.com\/wp-content\/uploads\/2024\/05\/20240520231451.jpg\" data-src=\"https:\/\/www.rchchydraulics.com\/wp-content\/uploads\/2024\/05\/20240520231451.jpg\" alt=\"ABOUT US\"\/><\/div><div class=\"swiper-slide\" style=\"\"><img decoding=\"async\" class=\"swiper-lazy swiper-move-lazy\" src=\"https:\/\/www.rchchydraulics.com\/wp-content\/themes\/smartenterprise\/images\/loading8.png\" data-src=\"https:\/\/www.rchchydraulics.com\/wp-content\/uploads\/2024\/05\/20240520231539.jpg\" alt=\"ABOUT US\"\/><\/div><div class=\"swiper-slide\" style=\"\"><img decoding=\"async\" class=\"swiper-lazy swiper-move-lazy\" src=\"https:\/\/www.rchchydraulics.com\/wp-content\/themes\/smartenterprise\/images\/loading8.png\" data-src=\"https:\/\/www.rchchydraulics.com\/wp-content\/uploads\/2024\/05\/20240520231337.jpg\" alt=\"ABOUT US\"\/><\/div><div class=\"swiper-slide\" style=\"\"><img decoding=\"async\" class=\"swiper-lazy swiper-move-lazy\" src=\"https:\/\/www.rchchydraulics.com\/wp-content\/themes\/smartenterprise\/images\/loading8.png\" data-src=\"https:\/\/www.rchchydraulics.com\/wp-content\/uploads\/2024\/05\/20240520231644.jpg\" alt=\"ABOUT US\"\/><\/div><div class=\"swiper-slide\" style=\"\"><img decoding=\"async\" class=\"swiper-lazy swiper-move-lazy\" src=\"https:\/\/www.rchchydraulics.com\/wp-content\/themes\/smartenterprise\/images\/loading8.png\" data-src=\"https:\/\/www.rchchydraulics.com\/wp-content\/uploads\/2024\/05\/20240520231430.jpg\" alt=\"ABOUT US\"\/><\/div><\/div><a class=\"swiper-next\"><i class=\"fas fa-angle-right\"><\/i><\/a><a class=\"swiper-prev\"><i class=\"fas fa-angle-left\"><\/i><\/a><div class=\"pagination post_gallery_nomral_pagination\"><\/div><\/div><\/div>\n\n\n\n<section class=\"wp-block-themepark-block-themepark-area block_layout thempark-block undefined bom30 top30\" id=\"\" style=\"background-color:#ffffff;padding-bottom:70px;padding-top:21px;\" data-swiper-parallax=\"-700\"><div class=\"block_layout_in\" style=\"max-width:1341px;\">\n<div class=\"wp-block-column block_layout_in\">\n<p class=\"has-normal-font-size\"><\/p>\n\n\n\n<div style=\"height:64px\" aria-hidden=\"true\" class=\"wp-block-spacer\"><\/div>\n<\/div>\n<\/div><div class=\"layout_badh\"><\/div><\/section>\n<\/div>\n<\/div><\/div><div class=\"tabbottomb\"><\/div><\/div>","protected":false},"excerpt":{"rendered":"","protected":false},"author":1,"featured_media":0,"parent":0,"menu_order":0,"comment_status":"closed","ping_status":"closed","template":"","meta":{"themepark_post_bcolor":"#f5f5f5","themepark_post_width":"1400px","themepark_post_img":"","themepark_post_img_po":"left","themepark_post_img_re":false,"themepark_post_img_cover":false,"themepark_post_img_fixed":false,"themepark_post_hide_title":true,"themepark_post_main_b":"","themepark_post_main_p":100,"themepark_paddingblock":false,"footnotes":""},"class_list":["post-5089","page","type-page","status-publish","hentry"],"_links":{"self":[{"href":"https:\/\/www.rchchydraulics.com\/es\/wp-json\/wp\/v2\/pages\/5089","targetHints":{"allow":["GET"]}}],"collection":[{"href":"https:\/\/www.rchchydraulics.com\/es\/wp-json\/wp\/v2\/pages"}],"about":[{"href":"https:\/\/www.rchchydraulics.com\/es\/wp-json\/wp\/v2\/types\/page"}],"author":[{"embeddable":true,"href":"https:\/\/www.rchchydraulics.com\/es\/wp-json\/wp\/v2\/users\/1"}],"replies":[{"embeddable":true,"href":"https:\/\/www.rchchydraulics.com\/es\/wp-json\/wp\/v2\/comments?post=5089"}],"version-history":[{"count":13,"href":"https:\/\/www.rchchydraulics.com\/es\/wp-json\/wp\/v2\/pages\/5089\/revisions"}],"predecessor-version":[{"id":5883,"href":"https:\/\/www.rchchydraulics.com\/es\/wp-json\/wp\/v2\/pages\/5089\/revisions\/5883"}],"wp:attachment":[{"href":"https:\/\/www.rchchydraulics.com\/es\/wp-json\/wp\/v2\/media?parent=5089"}],"curies":[{"name":"wp","href":"https:\/\/api.w.org\/{rel}","templated":true}]}}